{"id":7,"date":"2024-02-28T18:44:35","date_gmt":"2024-02-28T21:44:35","guid":{"rendered":"https:\/\/kiresite.uvsoft.com.br\/?page_id=7"},"modified":"2024-03-21T07:43:03","modified_gmt":"2024-03-21T10:43:03","slug":"kire-dinamic-center","status":"publish","type":"page","link":"https:\/\/www.kirefisioterapia.com.br\/?page_id=7","title":{"rendered":"Sobre"},"content":{"rendered":"\n<p><\/p>\n\n\n<div class='pt-cv-wrapper'> <div class=\"pt-cv-view pt-cv-onebig iscvblock iscvreal above-others onebig1 layout1\" id=\"pt-cv-view-l6xyxy2j\"><div data-id=\"pt-cv-page-1\" class=\"pt-cv-page\" data-cvc=\"1\"><div class=\" pt-cv-content-item pt-cv-1-col cv-main-post\" ><h4 class=\"pt-cv-title\"><a href=\"https:\/\/www.kirefisioterapia.com.br\/?p=622\" class=\"_self\" target=\"_self\" >Sobre a Kire Dinamic Center<\/a><\/h4>\n<div class=\"pt-cv-content\">\n<p class=\"has-medium-font-size\">Cl\u00ednica localizada em Paju\u00e7ara, um dos melhores pontos da cidade, de f\u00e1cil acesso. Nosso diferencial \u00e9 que atendemos nossos clientes no hor\u00e1rio marcado e n\u00e3o em hor\u00e1rio de chegada, onde prestamos os melhores servi\u00e7os para melhor atend\u00ea-lo.<\/p>\n\n\n\n<p class=\"has-medium-font-size\">Com&nbsp;uma equipe formada&nbsp;por&nbsp;profissionais capacitados das \u00e1reas de: Acupuntura, Cl\u00ednico Geral, Fisiatria, Fisioterapia, Fonoaudiologia, Nutri\u00e7\u00e3o, Ortopedia, Pediatria, Psicologia, Reumamatologia e Terapia Ocupacional, onde&nbsp;adequamos t\u00e9cnicas espec\u00edficas a necessidade de cada cliente, sendo um servi\u00e7o humanizado e personalizado.<\/p>\n\n\n\n<figure class=\"wp-block-gallery aligncenter has-nested-images columns-3 is-cropped wp-block-gallery-1 is-layout-flex wp-block-gallery-is-layout-flex\">\n<figure class=\"wp-block-image size-large\"><img loading=\"lazy\" decoding=\"async\" width=\"1024\" height=\"576\" data-id=\"67\" src=\"https:\/\/www.kirefisioterapia.com.br\/wp-content\/uploads\/2024\/03\/b4ef02_5dcfafd5c6b540f184c48255ae76e93cmv2-1024x576.webp\" alt=\"\" class=\"wp-image-67\"\/><\/figure>\n\n\n\n<figure class=\"wp-block-image size-full\"><img loading=\"lazy\" decoding=\"async\" width=\"995\" height=\"746\" data-id=\"68\" src=\"https:\/\/www.kirefisioterapia.com.br\/wp-content\/uploads\/2024\/03\/b4ef02_07f54441fa74458f876b0a4c0133c84c.webp\" alt=\"\" class=\"wp-image-68\"\/><\/figure>\n\n\n\n<figure class=\"wp-block-image size-full\"><img loading=\"lazy\" decoding=\"async\" width=\"560\" height=\"746\" data-id=\"69\" src=\"https:\/\/www.kirefisioterapia.com.br\/wp-content\/uploads\/2024\/03\/b4ef02_70a49415b6964e93ab93ec20e6bf2206.webp\" alt=\"\" class=\"wp-image-69\"\/><\/figure>\n\n\n\n<figure class=\"wp-block-image size-full\"><img loading=\"lazy\" decoding=\"async\" width=\"995\" height=\"746\" data-id=\"70\" src=\"https:\/\/www.kirefisioterapia.com.br\/wp-content\/uploads\/2024\/03\/b4ef02_74dd71f7bc15429399c0ebf11aec8a61.webp\" alt=\"\" class=\"wp-image-70\"\/><\/figure>\n\n\n\n<figure class=\"wp-block-image size-full\"><img loading=\"lazy\" decoding=\"async\" width=\"821\" height=\"746\" data-id=\"72\" src=\"https:\/\/www.kirefisioterapia.com.br\/wp-content\/uploads\/2024\/03\/b4ef02_ea30be301f794f5188990ea5a2717592mv2_d_1690_1536_s_2.webp\" alt=\"\" class=\"wp-image-72\"\/><\/figure>\n\n\n\n<figure class=\"wp-block-image size-full\"><img loading=\"lazy\" decoding=\"async\" width=\"560\" height=\"746\" data-id=\"71\" src=\"https:\/\/www.kirefisioterapia.com.br\/wp-content\/uploads\/2024\/03\/b4ef02_b5bbab66e400431cbe31d9ce193e90ad.webp\" alt=\"\" class=\"wp-image-71\"\/><\/figure>\n<\/figure>\n\n\n\n<h2 class=\"wp-block-heading\">VENHA NOS CONHECER!<\/h2>\n\n\n\n<p class=\"has-nv-site-bg-color has-neve-link-hover-color-background-color has-text-color has-background has-link-color has-large-font-size wp-elements-01c9ad55c1cd7af85240fa96e79261f8\">&#8220;Miss\u00e3o: Realizar com excel\u00eancia, dinamismo e inova\u00e7\u00e3o os servi\u00e7os da \u00e1rea da sa\u00fade integrada, valorizando no atendimento, as rela\u00e7\u00f5es entre m\u00e9dico, equipe e paciente.&#8221;<\/p>\n<\/div><\/div><\/div><\/div> <\/div> <style>\n\n#pt-cv-view-l6xyxy2j .pt-cv-meta-fields {  }#pt-cv-view-l6xyxy2j .pt-cv-meta-fields * { font-size: 13px; }#pt-cv-view-l6xyxy2j .pt-cv-thumb-wrapper.miniwrap { width: 40%; }#pt-cv-view-l6xyxy2j .pt-cv-thumbnailsm {  }#pt-cv-view-l6xyxy2j .pt-cv-title a { display: block; }#pt-cv-view-l6xyxy2j .pt-cv-title:not(.pt-cv-titlesm) a { font-weight: 600;text-decoration: none;font-size: 26px; }#pt-cv-view-l6xyxy2j .pt-cv-titlesm a { font-weight: 600;font-size: 18px; }#pt-cv-view-l6xyxy2j .pt-cv-content { font-size: 15px; }#pt-cv-view-l6xyxy2j .pt-cv-readmore { color: #fff;background-color: #0075ff;font-size: 14px; }#pt-cv-view-l6xyxy2j .pt-cv-taxoterm {  }#pt-cv-view-l6xyxy2j .pt-cv-taxoterm * { color: #222;background-color: #fff6f6;font-size: 14px; }#pt-cv-view-l6xyxy2j + .pt-cv-pagination-wrapper {  }#pt-cv-view-l6xyxy2j + .pt-cv-pagination-wrapper a { font-size: 14px; }#pt-cv-view-l6xyxy2j > .pt-cv-page {grid-template-columns: repeat(1, 1fr);grid-gap: 20px;}\n@media all and (max-width: 1024px) { \n#pt-cv-view-l6xyxy2j > .pt-cv-page {grid-template-columns: repeat(1, 1fr);}\n} \n@media all and (max-width: 767px) { \n#pt-cv-view-l6xyxy2j > .pt-cv-page {grid-template-columns: repeat(1, 1fr);}\n} <\/style>","protected":false},"excerpt":{"rendered":"","protected":false},"author":1,"featured_media":0,"parent":0,"menu_order":0,"comment_status":"closed","ping_status":"closed","template":"","meta":{"neve_meta_sidebar":"","neve_meta_container":"contained","neve_meta_enable_content_width":"","neve_meta_content_width":0,"neve_meta_title_alignment":"","neve_meta_author_avatar":"","neve_post_elements_order":"","neve_meta_disable_header":"off","neve_meta_disable_footer":"","neve_meta_disable_title":"on","footnotes":""},"class_list":["post-7","page","type-page","status-publish","hentry"],"rttpg_featured_image_url":null,"rttpg_author":{"display_name":"ulissesvasco","author_link":"https:\/\/www.kirefisioterapia.com.br\/?author=1"},"rttpg_comment":0,"rttpg_category":null,"rttpg_excerpt":null,"_links":{"self":[{"href":"https:\/\/www.kirefisioterapia.com.br\/index.php?rest_route=\/wp\/v2\/pages\/7","targetHints":{"allow":["GET"]}}],"collection":[{"href":"https:\/\/www.kirefisioterapia.com.br\/index.php?rest_route=\/wp\/v2\/pages"}],"about":[{"href":"https:\/\/www.kirefisioterapia.com.br\/index.php?rest_route=\/wp\/v2\/types\/page"}],"author":[{"embeddable":true,"href":"https:\/\/www.kirefisioterapia.com.br\/index.php?rest_route=\/wp\/v2\/users\/1"}],"replies":[{"embeddable":true,"href":"https:\/\/www.kirefisioterapia.com.br\/index.php?rest_route=%2Fwp%2Fv2%2Fcomments&post=7"}],"version-history":[{"count":6,"href":"https:\/\/www.kirefisioterapia.com.br\/index.php?rest_route=\/wp\/v2\/pages\/7\/revisions"}],"predecessor-version":[{"id":629,"href":"https:\/\/www.kirefisioterapia.com.br\/index.php?rest_route=\/wp\/v2\/pages\/7\/revisions\/629"}],"wp:attachment":[{"href":"https:\/\/www.kirefisioterapia.com.br\/index.php?rest_route=%2Fwp%2Fv2%2Fmedia&parent=7"}],"curies":[{"name":"wp","href":"https:\/\/api.w.org\/{rel}","templated":true}]}}