{"id":12,"date":"2024-02-28T18:44:35","date_gmt":"2024-02-28T21:44:35","guid":{"rendered":"https:\/\/kiresite.uvsoft.com.br\/?page_id=12"},"modified":"2024-03-28T14:47:17","modified_gmt":"2024-03-28T17:47:17","slug":"contato","status":"publish","type":"page","link":"https:\/\/www.kirefisioterapia.com.br\/?page_id=12","title":{"rendered":"Contato"},"content":{"rendered":"\n<p class=\"has-text-align-center has-neve-link-color-color has-text-color has-link-color has-large-font-size wp-elements-5fa52b88141b50d22ae62812ab78018b\"><strong>Para maiores informa\u00e7\u00f5es entre em contato, iremos tirar todas as suas d\u00favidas.<\/strong><\/p>\n\n\n\n<div class=\"wp-block-columns has-medium-font-size is-layout-flex wp-container-core-columns-is-layout-62db62f3 wp-block-columns-is-layout-flex\" style=\"border-style:none;border-width:0px;border-radius:0px;padding-top:0;padding-bottom:0\">\n<div class=\"wp-block-column is-vertically-aligned-center is-layout-flow wp-block-column-is-layout-flow\" style=\"flex-basis:33.33%\">\n<figure class=\"wp-block-image size-large is-resized\"><img decoding=\"async\" src=\"https:\/\/kirefisioterapia.com.br\/wp-content\/uploads\/2024\/03\/contato.jpg\" alt=\"\" style=\"width:495px;height:auto\"\/><\/figure>\n<\/div>\n\n\n\n<div class=\"wp-block-column is-layout-flow wp-block-column-is-layout-flow\" style=\"flex-basis:66.66%\">\n<div class=\"wp-block-columns is-layout-flex wp-container-core-columns-is-layout-9d6595d7 wp-block-columns-is-layout-flex\">\n<div class=\"wp-block-column is-layout-flow wp-block-column-is-layout-flow\" style=\"flex-basis:100%\">\n<h4 class=\"wp-block-heading has-neve-link-color-color has-text-color has-link-color wp-elements-7062d6b593afff4b667b7c940f75c3fa\">Telefones: <\/h4>\n\n\n\n<h6 class=\"wp-block-heading\">(82)3432-5330 \/ 99969-8585 (whatsapp)<\/h6>\n\n\n\t\t\t<div style=\"width: auto;\" id=\"qlwapp\" class=\"qlwapp qlwapp-js-ready qlwapp-button qlwapp-rounded\">\n\t\t\t\t<a class=\"qlwapp-toggle\" data-action=\"open\" data-phone=\"5582999698585\" data-message=\"Ol\u00e1!!! Gostaria de falar com um atendente.\" href=\"#\" target=\"_blank\">\n\t\t\t\t\t\t\t\t\t\t<i class=\"qlwapp-icon qlwapp-whatsapp-icon\"><\/i>\n\t\t\t\t\t\t\t\t\t\t<i class=\"qlwapp-close\" data-action=\"close\">&times;<\/i>\n\t\t\t\t\t\t\t\t\t\t<span class=\"qlwapp-text\">Fale Conosco!<\/span>\n\t\t\t\t\t\t\t\t\t<\/a>\n\t\t\t<\/div>\n\t\t\t\n\n\n\n<h4 class=\"wp-block-heading has-neve-link-color-color has-text-color has-link-color wp-elements-1f5b60a4a3d90523d8107833684c4dfd\"><strong>Email<\/strong>: <\/h4>\n\n\n\n<h6 class=\"wp-block-heading\">kirefisioterapia@gmail.com<\/h6>\n\n\n\n<h4 class=\"wp-block-heading has-neve-link-color-color has-text-color has-link-color wp-elements-3e089f408aab6abeca36a7d8ff938f15\">Endere\u00e7o: <\/h4>\n\n\n\n<h6 class=\"wp-block-heading\">Rua Senador Firmino Vasconcelos,&nbsp;81A, Paju\u00e7ara &#8211; Macei\u00f3 &#8211; AL<\/h6>\n\n\n\n<div class=\"forminator-guttenberg\"><div class=\"forminator-ui forminator-custom-form forminator-custom-form-619 forminator-design--flat  forminator_ajax\" data-forminator-render=\"0\" data-form=\"forminator-module-619\" data-uid=\"69fc8c42cd522\"><br\/><\/div><form\n\t\t\t\tid=\"forminator-module-619\"\n\t\t\t\tclass=\"forminator-ui forminator-custom-form forminator-custom-form-619 forminator-design--flat  forminator_ajax\"\n\t\t\t\tmethod=\"post\"\n\t\t\t\tdata-forminator-render=\"0\"\n\t\t\t\tdata-form-id=\"619\"\n\t\t\t\t\n\t\t\t\tdata-design=\"flat\"\n\t\t\t\t\n\t\t\t\t\n\t\t\t\t\n\t\t\t\tdata-grid=\"open\"\n\t\t\t\t\n\t\t\t\t\n\t\t\t\tstyle=\"display: none;\"\n\t\t\t\t\n\t\t\t\tdata-uid=\"69fc8c42cd522\"\n\t\t\t><div role=\"alert\" aria-live=\"polite\" class=\"forminator-response-message forminator-error\" aria-hidden=\"true\"><\/div><div class=\"forminator-row\"><div id=\"name-1\" class=\"forminator-field-name forminator-col forminator-col-12 \"><div class=\"forminator-field\"><label for=\"forminator-field-name-1_69fc8c42cd522\" id=\"forminator-field-name-1_69fc8c42cd522-label\" class=\"forminator-label\">Nome<\/label><input type=\"text\" name=\"name-1\" value=\"\" placeholder=\"Nome Completo\" id=\"forminator-field-name-1_69fc8c42cd522\" class=\"forminator-input forminator-name--field\" aria-required=\"false\" \/><\/div><\/div><\/div><div class=\"forminator-row\"><div id=\"phone-1\" class=\"forminator-field-phone forminator-col forminator-col-12 \"><div class=\"forminator-field\"><label for=\"forminator-field-phone-1_69fc8c42cd522\" id=\"forminator-field-phone-1_69fc8c42cd522-label\" class=\"forminator-label\">Telefone<\/label><input type=\"text\" name=\"phone-1\" value=\"\" placeholder=\"E.x. (82) 9999-9999\" id=\"forminator-field-phone-1_69fc8c42cd522\" class=\"forminator-input forminator-field--phone\" data-required=\"\" aria-required=\"false\" autocomplete=\"off\" \/><\/div><\/div><\/div><div class=\"forminator-row\"><div id=\"email-1\" class=\"forminator-field-email forminator-col forminator-col-12 \"><div class=\"forminator-field\"><label for=\"forminator-field-email-1_69fc8c42cd522\" id=\"forminator-field-email-1_69fc8c42cd522-label\" class=\"forminator-label\">Endere\u00e7o de E-mail<\/label><input type=\"email\" name=\"email-1\" value=\"\" placeholder=\"E.x. john@doe.com\" id=\"forminator-field-email-1_69fc8c42cd522\" class=\"forminator-input forminator-email--field\" data-required=\"\" aria-required=\"false\" \/><\/div><\/div><\/div><div class=\"forminator-row\"><div id=\"textarea-1\" class=\"forminator-field-textarea forminator-col forminator-col-12 \"><div class=\"forminator-field\"><label for=\"forminator-field-textarea-1_69fc8c42cd522\" id=\"forminator-field-textarea-1_69fc8c42cd522-label\" class=\"forminator-label\">Texto<\/label><textarea name=\"textarea-1\" placeholder=\"\" id=\"forminator-field-textarea-1_69fc8c42cd522\" class=\"forminator-textarea\" rows=\"6\" style=\"min-height:140px;\" ><\/textarea><\/div><\/div><\/div><input type=\"hidden\" name=\"referer_url\" value=\"\" \/><div class=\"forminator-row forminator-row-last\"><div class=\"forminator-col\"><div class=\"forminator-field\"><button class=\"forminator-button forminator-button-submit\">Enviar mensagem<\/button><\/div><\/div><\/div><input type=\"hidden\" id=\"forminator_nonce\" name=\"forminator_nonce\" value=\"abad46f96f\" \/><input type=\"hidden\" name=\"_wp_http_referer\" value=\"\/index.php?rest_route=%2Fwp%2Fv2%2Fpages%2F12\" \/><input type=\"hidden\" name=\"form_id\" value=\"619\"><input type=\"hidden\" name=\"page_id\" value=\"12\"><input type=\"hidden\" name=\"form_type\" value=\"default\"><input type=\"hidden\" name=\"current_url\" value=\"https:\/\/www.kirefisioterapia.com.br\/?page_id=12\"><input type=\"hidden\" name=\"render_id\" value=\"0\"><input type=\"hidden\" name=\"action\" value=\"forminator_submit_form_custom-forms\"><\/form><\/div>\n<\/div>\n<\/div>\n<\/div>\n<\/div>\n\n\n<div id=\"wpgmza_map\" class=\"wpgmza_map\" data-settings='{\"id\":\"1\",\"map_title\":\"kire\",\"map_width\":\"100\",\"map_height\":\"400\",\"map_start_lat\":\"-9.667112500000002\",\"map_start_lng\":\"-35.7161282\",\"map_start_location\":\"45.950464398418106,-109.81550500000003\",\"map_start_zoom\":\"15\",\"default_marker\":\"\",\"type\":\"1\",\"alignment\":\"4\",\"directions_enabled\":\"0\",\"styling_enabled\":\"0\",\"styling_json\":\"\",\"active\":\"0\",\"kml\":\"\",\"bicycle\":\"0\",\"traffic\":\"0\",\"dbox\":\"0\",\"dbox_width\":\"\",\"listmarkers\":\"0\",\"listmarkers_advanced\":\"0\",\"filterbycat\":\"0\",\"ugm_enabled\":\"0\",\"ugm_category_enabled\":\"0\",\"fusion\":\"\",\"map_width_type\":\"%\",\"map_height_type\":\"px\",\"mass_marker_support\":\"0\",\"ugm_access\":\"0\",\"order_markers_by\":\"0\",\"order_markers_choice\":\"0\",\"show_user_location\":\"0\",\"default_to\":\"\",\"other_settings\":{\"map_type\":1,\"sl_stroke_color\":\"\",\"sl_fill_color\":\"\",\"sl_stroke_opacity\":\"\",\"sl_fill_opacity\":\"\",\"transport_layer\":false,\"action\":\"wpgmza_save_map\",\"redirect_to\":\"\\\/wp-admin\\\/admin-post.php\",\"map_id\":\"1\",\"http_referer\":\"\\\/wp-admin\\\/admin.php?page=wp-google-maps-menu&amp;amp;action=edit&amp;amp;map_id=1\",\"wpgmza_id\":\"1\",\"wpgmza_start_location\":\"-9.667112500000002,-35.7161282\",\"wpgmza_start_zoom\":\"15\",\"wpgmza_theme_data\":\"[]\",\"store_locator_enabled\":false,\"store_locator_search_area\":\"radial\",\"wpgmza_store_locator_radius_style\":\"legacy\",\"wpgmza_store_locator_default_radius\":\"10\",\"store_locator_auto_area_max_zoom\":\"\",\"store_locator_distance\":false,\"wpgmza_store_locator_position\":false,\"store_locator_show_distance\":false,\"store_locator_category\":false,\"wpgmza_store_locator_use_their_location\":false,\"wpgmza_store_locator_bounce\":false,\"wpgmza_sl_animation\":null,\"wpgmza_store_locator_hide_before_search\":false,\"store_locator_query_string\":\"\",\"store_locator_location_placeholder\":\"\",\"store_locator_default_address\":\"\",\"store_locator_name_search\":false,\"store_locator_name_string\":\"\",\"store_locator_not_found_message\":\"\",\"wpgmza_map_align\":\"1\",\"jump_to_nearest_marker_on_initialization\":false,\"automatically_pan_to_users_location\":false,\"override_users_location_zoom_level\":false,\"override_users_location_zoom_levels\":\"\",\"show_distance_from_location\":false,\"map_max_zoom\":\"21\",\"map_min_zoom\":\"0\",\"click_open_link\":false,\"fit_maps_bounds_to_markers\":false,\"fit_maps_bounds_to_markers_after_filtering\":false,\"hide_point_of_interest\":false,\"wpgmza_zoom_on_marker_click\":false,\"wpgmza_zoom_on_marker_click_slider\":\"\",\"close_infowindow_on_map_click\":false,\"disable_lightbox_images\":false,\"use_Raw_Jpeg_Coordinates\":false,\"polygon_labels\":false,\"disable_polygon_info_windows\":false,\"enable_marker_ratings\":false,\"only_load_markers_within_viewport\":false,\"iw_primary_color\":\"#000000\",\"iw_accent_color\":\"#000000\",\"iw_text_color\":\"#000000\",\"wpgmza_listmarkers_by\":\"0\",\"wpgmza_marker_listing_position\":false,\"wpgmza_push_in_map\":false,\"wpgmza_push_in_map_placement\":null,\"wpgmza_push_in_map_width\":\"\",\"wpgmza_push_in_map_height\":\"\",\"zoom_level_on_marker_listing_override\":false,\"zoom_level_on_marker_listing_click\":\"\",\"marker_listing_disable_zoom\":false,\"datatable_no_result_message\":\"\",\"remove_search_box_datables\":false,\"dataTable_pagination_style\":null,\"datatable_search_string\":\"\",\"datatable_result_start\":\"\",\"datatable_result_of\":\"\",\"datatable_result_to\":\"\",\"datatable_result_total\":\"\",\"datatable_result_show\":\"\",\"datatable_result_entries\":\"\",\"wpgmza_savemap\":\"Salvar o Mapa \\u00bb\",\"wpgmza_theme\":\"0\"}}' data-map-id='1' Data-maps-engine='google-maps' data-shortcode-attributes='{\"id\":\"1\"}' style=\"display:block; overflow:auto; width:100%; height:400px; float:left;\"><\/div>\n","protected":false},"excerpt":{"rendered":"<p>Para maiores informa\u00e7\u00f5es entre em contato, iremos tirar todas as suas d\u00favidas. Telefones: (82)3432-5330 \/ 99969-8585 (whatsapp) Email: kirefisioterapia@gmail.com Endere\u00e7o: Rua Senador Firmino Vasconcelos,&nbsp;81A, Paju\u00e7ara &#8211; Macei\u00f3 &#8211; AL<\/p>\n","protected":false},"author":1,"featured_media":0,"parent":0,"menu_order":0,"comment_status":"closed","ping_status":"closed","template":"","meta":{"neve_meta_sidebar":"","neve_meta_container":"full-width","neve_meta_enable_content_width":"on","neve_meta_content_width":90,"neve_meta_title_alignment":"center","neve_meta_author_avatar":"","neve_post_elements_order":"","neve_meta_disable_header":"","neve_meta_disable_footer":"","neve_meta_disable_title":"","footnotes":""},"class_list":["post-12","page","type-page","status-publish","hentry"],"rttpg_featured_image_url":null,"rttpg_author":{"display_name":"ulissesvasco","author_link":"https:\/\/www.kirefisioterapia.com.br\/?author=1"},"rttpg_comment":0,"rttpg_category":null,"rttpg_excerpt":"Para maiores informa\u00e7\u00f5es entre em contato, iremos tirar todas as suas d\u00favidas. Telefones: (82)3432-5330 \/ 99969-8585 (whatsapp) Email: kirefisioterapia@gmail.com Endere\u00e7o: Rua Senador Firmino Vasconcelos,&nbsp;81A, Paju\u00e7ara &#8211; Macei\u00f3 &#8211; AL","_links":{"self":[{"href":"https:\/\/www.kirefisioterapia.com.br\/index.php?rest_route=\/wp\/v2\/pages\/12","targetHints":{"allow":["GET"]}}],"collection":[{"href":"https:\/\/www.kirefisioterapia.com.br\/index.php?rest_route=\/wp\/v2\/pages"}],"about":[{"href":"https:\/\/www.kirefisioterapia.com.br\/index.php?rest_route=\/wp\/v2\/types\/page"}],"author":[{"embeddable":true,"href":"https:\/\/www.kirefisioterapia.com.br\/index.php?rest_route=\/wp\/v2\/users\/1"}],"replies":[{"embeddable":true,"href":"https:\/\/www.kirefisioterapia.com.br\/index.php?rest_route=%2Fwp%2Fv2%2Fcomments&post=12"}],"version-history":[{"count":29,"href":"https:\/\/www.kirefisioterapia.com.br\/index.php?rest_route=\/wp\/v2\/pages\/12\/revisions"}],"predecessor-version":[{"id":647,"href":"https:\/\/www.kirefisioterapia.com.br\/index.php?rest_route=\/wp\/v2\/pages\/12\/revisions\/647"}],"wp:attachment":[{"href":"https:\/\/www.kirefisioterapia.com.br\/index.php?rest_route=%2Fwp%2Fv2%2Fmedia&parent=12"}],"curies":[{"name":"wp","href":"https:\/\/api.w.org\/{rel}","templated":true}]}}