{"id":11,"date":"2024-02-28T18:44:35","date_gmt":"2024-02-28T21:44:35","guid":{"rendered":"https:\/\/kiresite.uvsoft.com.br\/?page_id=11"},"modified":"2024-03-20T21:37:26","modified_gmt":"2024-03-21T00:37:26","slug":"dicas","status":"publish","type":"page","link":"https:\/\/www.kirefisioterapia.com.br\/?page_id=11","title":{"rendered":"Dicas"},"content":{"rendered":"<div class='pt-cv-wrapper'> <div class=\"pt-cv-view pt-cv-blockgrid iscvblock iscvreal list1 layout1\" id=\"pt-cv-view-xldsbp4b\"><div data-id=\"pt-cv-page-1\" class=\"pt-cv-page\" data-cvc=\"1\"><div class=\" pt-cv-content-item pt-cv-2-col\" ><div class=\"pt-cv-thumb-wrapper pull-left \"><a href=\"https:\/\/www.kirefisioterapia.com.br\/?p=530\" class=\"_self pt-cv-href-thumbnail pt-cv-thumb-left\" target=\"_self\" ><img loading=\"lazy\" decoding=\"async\" width=\"768\" height=\"432\" src=\"https:\/\/www.kirefisioterapia.com.br\/wp-content\/uploads\/2024\/03\/36-768x432.jpg\" class=\"pt-cv-thumbnail pull-left\" alt=\"\" \/><\/a><\/div>\n<div class=\"pt-cv-colwrap\"><h4 class=\"pt-cv-title\"><a href=\"https:\/\/www.kirefisioterapia.com.br\/?p=530\" class=\"_self\" target=\"_self\" >Evita dores de cabe\u00e7a e mau humor,\u00a0Previne problemas nos rins<\/a><\/h4><div class=\"pt-cv-content\">Segundo Lila Valente, \u00e9 preciso, sim, beber dois litros de \u00e1gua todos os dias. \u201cEsquecer ou deixar de beber \u00e1gua no dia a dia pode provocar dores de cabe\u00e7a, v\u00f4mitos, n\u00e1useas, diarreias e febre\u201d, diz a m\u00e9dica. Gabriela Maia explica que a desidrata\u00e7\u00e3o leve, causada pela falta de \u00e1gua di\u00e1ria \u00e9 mais comum do que imaginamos. \u201cO simples fato de sentir sede \u00e9 um ind\u00edcio que o organismo est\u00e1 com o estoque de \u00e1gua abaixo do recomendado e come\u00e7a &#8230;<\/div><div class=\"pt-cv-rmwrap\"><a href=\"https:\/\/www.kirefisioterapia.com.br\/?p=530\" class=\"_self pt-cv-readmore btn btn-success\" target=\"_self\" >Leia Mais<\/a><\/div><\/div><\/div>\n<div class=\" pt-cv-content-item pt-cv-2-col\" ><div class=\"pt-cv-thumb-wrapper pull-left \"><a href=\"https:\/\/www.kirefisioterapia.com.br\/?p=528\" class=\"_self pt-cv-href-thumbnail pt-cv-thumb-left\" target=\"_self\" ><img loading=\"lazy\" decoding=\"async\" width=\"768\" height=\"432\" src=\"https:\/\/www.kirefisioterapia.com.br\/wp-content\/uploads\/2024\/03\/35-768x432.jpg\" class=\"pt-cv-thumbnail pull-left\" alt=\"\" \/><\/a><\/div>\n<div class=\"pt-cv-colwrap\"><h4 class=\"pt-cv-title\"><a href=\"https:\/\/www.kirefisioterapia.com.br\/?p=528\" class=\"_self\" target=\"_self\" >Evita incha\u00e7o e reten\u00e7\u00e3o de l\u00edquidos<\/a><\/h4><div class=\"pt-cv-content\">Se voc\u00ea costuma se sentir inchada, beber \u00e1gua deve ser um h\u00e1bito comum como escovar os dentes: \u201cBebendo \u00e1gua ao longo do dia voc\u00ea evita que o organismo retenha o s\u00f3dio, grande respons\u00e1vel pelo desconforto do incha\u00e7o\u201d, explica Gabriela Maia.\u00a0 Ela explica que beber os tais dois litros de \u00e1gua recomendados tamb\u00e9m ajuda a amenizar a celulite. Gabriela Maia tamb\u00e9m sugere as \u00e1guas aromatizadas: \u201cAntes de dormir, coloque rodelas de lim\u00e3o, laranja folhas de hortel\u00e3 em uma jarra.\u00a0 &#8230;<\/div><div class=\"pt-cv-rmwrap\"><a href=\"https:\/\/www.kirefisioterapia.com.br\/?p=528\" class=\"_self pt-cv-readmore btn btn-success\" target=\"_self\" >Leia Mais<\/a><\/div><\/div><\/div>\n<div class=\" pt-cv-content-item pt-cv-2-col\" ><div class=\"pt-cv-thumb-wrapper pull-left \"><a href=\"https:\/\/www.kirefisioterapia.com.br\/?p=526\" class=\"_self pt-cv-href-thumbnail pt-cv-thumb-left\" target=\"_self\" ><img loading=\"lazy\" decoding=\"async\" width=\"768\" height=\"432\" src=\"https:\/\/www.kirefisioterapia.com.br\/wp-content\/uploads\/2024\/03\/34-768x432.jpg\" class=\"pt-cv-thumbnail pull-left\" alt=\"\" \/><\/a><\/div>\n<div class=\"pt-cv-colwrap\"><h4 class=\"pt-cv-title\"><a href=\"https:\/\/www.kirefisioterapia.com.br\/?p=526\" class=\"_self\" target=\"_self\" >Mant\u00e9m pele, unhas e cabelos bonitos<\/a><\/h4><div class=\"pt-cv-content\">A m\u00e9dica ortomolecular Lila Valente,\u00a0explica que todos os \u00f3rg\u00e3os sofrem com a perda de l\u00edquido corporal. \u201cA pele \u00e9 o primeiro a sentir os efeitos da falta de \u00e1gua no organismo. Avaliando suas caracter\u00edsticas podemos perceber se a pessoa bebe \u00e1gua regularmente, j\u00e1 que casos de desidrata\u00e7\u00e3o leve j\u00e1 podem provocar a diminui\u00e7\u00e3o do t\u00f4nus, textura e elasticidade da pele\u201d, diz a m\u00e9dica &#8230;<\/div><div class=\"pt-cv-rmwrap\"><a href=\"https:\/\/www.kirefisioterapia.com.br\/?p=526\" class=\"_self pt-cv-readmore btn btn-success\" target=\"_self\" >Leia Mais<\/a><\/div><\/div><\/div>\n<div class=\" pt-cv-content-item pt-cv-2-col\" ><div class=\"pt-cv-thumb-wrapper pull-left \"><a href=\"https:\/\/www.kirefisioterapia.com.br\/?p=524\" class=\"_self pt-cv-href-thumbnail pt-cv-thumb-left\" target=\"_self\" ><img loading=\"lazy\" decoding=\"async\" width=\"768\" height=\"432\" src=\"https:\/\/www.kirefisioterapia.com.br\/wp-content\/uploads\/2024\/03\/33-768x432.jpg\" class=\"pt-cv-thumbnail pull-left\" alt=\"\" \/><\/a><\/div>\n<div class=\"pt-cv-colwrap\"><h4 class=\"pt-cv-title\"><a href=\"https:\/\/www.kirefisioterapia.com.br\/?p=524\" class=\"_self\" target=\"_self\" >Ajuda a Emagrecer<\/a><\/h4><div class=\"pt-cv-content\">De acordo com a nutricionista funcional Gabriela Maia, a \u00e1gua \u00e9 essencial no processo de emagrecimento. \u201cO consumo regular e di\u00e1rio ajuda na elimina\u00e7\u00e3o de toxinas atrav\u00e9s da urina e das fezes, permitindo que o organismo equilibre suas fun\u00e7\u00f5es. Al\u00e9m disso, o organismo pode confundir fome com sede. Quando sentir aquela \u201c fominha\u201d no meio da tarde, beba um copo de \u00e1gua antes de comer, assim voc\u00ea se sentir\u00e1 saciada por mais tempo\u201d, diz a nutricionista &#8230;<\/div><div class=\"pt-cv-rmwrap\"><a href=\"https:\/\/www.kirefisioterapia.com.br\/?p=524\" class=\"_self pt-cv-readmore btn btn-success\" target=\"_self\" >Leia Mais<\/a><\/div><\/div><\/div><\/div><\/div> <\/div> <style>\n\n#pt-cv-view-xldsbp4b .pt-cv-meta-fields {  }#pt-cv-view-xldsbp4b .pt-cv-meta-fields * { font-size: 13px; }#pt-cv-view-xldsbp4b .pt-cv-thumb-wrapper:not(.miniwrap) { width: 40%; }#pt-cv-view-xldsbp4b .pt-cv-thumbnail:not(.pt-cv-thumbnailsm) { height: 300px; }#pt-cv-view-xldsbp4b .pt-cv-title a { display: block; }#pt-cv-view-xldsbp4b .pt-cv-title:not(.pt-cv-titlesm) a { font-weight: 600;text-decoration: none;font-size: 22px; }#pt-cv-view-xldsbp4b .pt-cv-titlesm a { font-weight: 600;font-size: 18px; }#pt-cv-view-xldsbp4b .pt-cv-content { font-size: 15px; }#pt-cv-view-xldsbp4b .pt-cv-readmore { color: #fff;background-color: #0075ff;font-size: 14px; }#pt-cv-view-xldsbp4b .pt-cv-taxoterm {  }#pt-cv-view-xldsbp4b .pt-cv-taxoterm * { color: #222;background-color: #fff6f6;font-size: 14px; }#pt-cv-view-xldsbp4b + .pt-cv-pagination-wrapper {  }#pt-cv-view-xldsbp4b + .pt-cv-pagination-wrapper a { font-size: 14px; }#pt-cv-view-xldsbp4b > .pt-cv-page {grid-template-columns: repeat(1, 1fr);grid-gap: 20px;}\n@media all and (max-width: 1024px) { \n#pt-cv-view-xldsbp4b > .pt-cv-page {grid-template-columns: repeat(1, 1fr);}\n} \n@media all and (max-width: 767px) { \n#pt-cv-view-xldsbp4b > .pt-cv-page {grid-template-columns: repeat(1, 1fr);}\n} <\/style>","protected":false},"excerpt":{"rendered":"","protected":false},"author":1,"featured_media":0,"parent":0,"menu_order":0,"comment_status":"closed","ping_status":"closed","template":"","meta":{"neve_meta_sidebar":"","neve_meta_container":"full-width","neve_meta_enable_content_width":"","neve_meta_content_width":0,"neve_meta_title_alignment":"","neve_meta_author_avatar":"","neve_post_elements_order":"","neve_meta_disable_header":"","neve_meta_disable_footer":"","neve_meta_disable_title":"","footnotes":""},"class_list":["post-11","page","type-page","status-publish","hentry"],"rttpg_featured_image_url":null,"rttpg_author":{"display_name":"ulissesvasco","author_link":"https:\/\/www.kirefisioterapia.com.br\/?author=1"},"rttpg_comment":0,"rttpg_category":null,"rttpg_excerpt":null,"_links":{"self":[{"href":"https:\/\/www.kirefisioterapia.com.br\/index.php?rest_route=\/wp\/v2\/pages\/11","targetHints":{"allow":["GET"]}}],"collection":[{"href":"https:\/\/www.kirefisioterapia.com.br\/index.php?rest_route=\/wp\/v2\/pages"}],"about":[{"href":"https:\/\/www.kirefisioterapia.com.br\/index.php?rest_route=\/wp\/v2\/types\/page"}],"author":[{"embeddable":true,"href":"https:\/\/www.kirefisioterapia.com.br\/index.php?rest_route=\/wp\/v2\/users\/1"}],"replies":[{"embeddable":true,"href":"https:\/\/www.kirefisioterapia.com.br\/index.php?rest_route=%2Fwp%2Fv2%2Fcomments&post=11"}],"version-history":[{"count":15,"href":"https:\/\/www.kirefisioterapia.com.br\/index.php?rest_route=\/wp\/v2\/pages\/11\/revisions"}],"predecessor-version":[{"id":539,"href":"https:\/\/www.kirefisioterapia.com.br\/index.php?rest_route=\/wp\/v2\/pages\/11\/revisions\/539"}],"wp:attachment":[{"href":"https:\/\/www.kirefisioterapia.com.br\/index.php?rest_route=%2Fwp%2Fv2%2Fmedia&parent=11"}],"curies":[{"name":"wp","href":"https:\/\/api.w.org\/{rel}","templated":true}]}}